{"id":2787,"date":"2025-11-20T16:21:24","date_gmt":"2025-11-20T16:21:24","guid":{"rendered":"https:\/\/afannoudigitalconsulting.com\/?page_id=2787"},"modified":"2026-03-31T07:39:22","modified_gmt":"2026-03-31T07:39:22","slug":"a-propos","status":"publish","type":"page","link":"https:\/\/afannoudigitalconsulting.com\/en\/a-propos\/","title":{"rendered":"About"},"content":{"rendered":"<div data-elementor-type=\"wp-page\" data-elementor-id=\"2787\" class=\"elementor elementor-2787\" data-elementor-post-type=\"page\">\n\t\t\t\t<div class=\"elementor-element elementor-element-d8742dc e-grid e-con-full e-con e-parent\" data-id=\"d8742dc\" data-element_type=\"container\" data-e-type=\"container\" data-settings=\"{&quot;background_background&quot;:&quot;classic&quot;}\">\n\t\t<div class=\"elementor-element elementor-element-70549e2 e-grid e-con-full e-con e-child\" data-id=\"70549e2\" data-element_type=\"container\" data-e-type=\"container\">\n\t\t<div class=\"elementor-element elementor-element-f4140b6 e-con-full e-flex e-con e-child\" data-id=\"f4140b6\" data-element_type=\"container\" data-e-type=\"container\" data-settings=\"{&quot;background_background&quot;:&quot;classic&quot;}\">\n\t\t\t\t<div class=\"elementor-element elementor-element-350a4f6 elementor-widget__width-auto elementor-widget elementor-widget-image\" data-id=\"350a4f6\" data-element_type=\"widget\" data-e-type=\"widget\" data-widget_type=\"image.default\">\n\t\t\t\t<div class=\"elementor-widget-container\">\n\t\t\t\t\t\t\t\t\t\t\t\t\t\t\t<img fetchpriority=\"high\" decoding=\"async\" width=\"2048\" height=\"2048\" src=\"https:\/\/afannoudigitalconsulting.com\/wp-content\/uploads\/2026\/03\/profil.jpg\" class=\"attachment-full size-full wp-image-3422\" alt=\"\" srcset=\"https:\/\/afannoudigitalconsulting.com\/wp-content\/uploads\/2026\/03\/profil.jpg 2048w, https:\/\/afannoudigitalconsulting.com\/wp-content\/uploads\/2026\/03\/profil-300x300.jpg 300w, https:\/\/afannoudigitalconsulting.com\/wp-content\/uploads\/2026\/03\/profil-1024x1024.jpg 1024w, https:\/\/afannoudigitalconsulting.com\/wp-content\/uploads\/2026\/03\/profil-150x150.jpg 150w, https:\/\/afannoudigitalconsulting.com\/wp-content\/uploads\/2026\/03\/profil-768x768.jpg 768w, https:\/\/afannoudigitalconsulting.com\/wp-content\/uploads\/2026\/03\/profil-1536x1536.jpg 1536w, https:\/\/afannoudigitalconsulting.com\/wp-content\/uploads\/2026\/03\/profil-12x12.jpg 12w\" sizes=\"(max-width: 2048px) 100vw, 2048px\" \/>\t\t\t\t\t\t\t\t\t\t\t\t\t\t\t<\/div>\n\t\t\t\t<\/div>\n\t\t\t\t<\/div>\n\t\t<div class=\"elementor-element elementor-element-65cd474 e-con-full e-flex e-con e-child\" data-id=\"65cd474\" data-element_type=\"container\" data-e-type=\"container\" data-settings=\"{&quot;background_background&quot;:&quot;classic&quot;}\">\n\t\t<div class=\"elementor-element elementor-element-cfb5273 e-con-full e-flex e-con e-child\" data-id=\"cfb5273\" data-element_type=\"container\" data-e-type=\"container\">\n\t\t\t\t<div class=\"elementor-element elementor-element-24ec6b1 elementor-widget__width-auto elementor-align-left elementor-widget elementor-widget-dtr-theme-heading\" data-id=\"24ec6b1\" data-element_type=\"widget\" data-e-type=\"widget\" data-widget_type=\"dtr-theme-heading.default\">\n\t\t\t\t<div class=\"elementor-widget-container\">\n\t\t\t\t\t            <h4 class=\"dtr-heading dtr-heading__default dtr-text--color-three\">Hi<\/h4>\r\n    \t\t\t\t<\/div>\n\t\t\t\t<\/div>\n\t\t\t\t<div class=\"elementor-element elementor-element-d187cc7 elementor-widget elementor-widget-html\" data-id=\"d187cc7\" data-element_type=\"widget\" data-e-type=\"widget\" data-widget_type=\"html.default\">\n\t\t\t\t<div class=\"elementor-widget-container\">\n\t\t\t\t\t<picture>\r\n  <source srcset=\"https:\/\/fonts.gstatic.com\/s\/e\/notoemoji\/latest\/1f44b\/512.webp\" type=\"image\/webp\">\r\n  <img decoding=\"async\" src=\"https:\/\/fonts.gstatic.com\/s\/e\/notoemoji\/latest\/1f44b\/512.gif\" alt=\"\ud83d\udc4b\" width=\"32\" height=\"32\">\r\n<\/picture>\t\t\t\t<\/div>\n\t\t\t\t<\/div>\n\t\t\t\t<\/div>\n\t\t\t\t<div class=\"elementor-element elementor-element-d1a2cef elementor-widget elementor-widget-text-editor\" data-id=\"d1a2cef\" data-element_type=\"widget\" data-e-type=\"widget\" data-widget_type=\"text-editor.default\">\n\t\t\t\t<div class=\"elementor-widget-container\">\n\t\t\t\t\t\t\t\t\t<p data-source-line=\"111-111\"><strong>Je con\u00e7ois des solutions digitales claires, solides et pens\u00e9es pour durer<\/strong><\/p>\t\t\t\t\t\t\t\t<\/div>\n\t\t\t\t<\/div>\n\t\t\t\t<div class=\"elementor-element elementor-element-e5ceb7d elementor-widget__width-initial reveal-lines elementor-widget elementor-widget-text-editor\" data-id=\"e5ceb7d\" data-element_type=\"widget\" data-e-type=\"widget\" data-widget_type=\"text-editor.default\">\n\t\t\t\t<div class=\"elementor-widget-container\">\n\t\t\t\t\t\t\t\t\t<p data-source-line=\"114-115\"><strong>Je suis Kevine Afannou, d\u00e9veloppeur web et consultant digital.<br \/><\/strong><br \/>J\u2019accompagne les ind\u00e9pendants, entreprises et organisations dans la cr\u00e9ation, la refonte et l\u2019am\u00e9lioration de leurs sites et solutions digitales.<\/p><p data-source-line=\"117-117\">Mon approche repose sur un \u00e9quilibre simple : <strong>comprendre le besoin, structurer le projet intelligemment, concevoir une exp\u00e9rience claire et d\u00e9velopper une solution fiable, \u00e9l\u00e9gante et durable.<\/strong><\/p>\t\t\t\t\t\t\t\t<\/div>\n\t\t\t\t<\/div>\n\t\t\t\t<\/div>\n\t\t\t\t<\/div>\n\t\t\t\t<\/div>\n\t\t<div class=\"elementor-element elementor-element-5d57771 e-con-full e-flex e-con e-parent\" data-id=\"5d57771\" data-element_type=\"container\" data-e-type=\"container\" data-settings=\"{&quot;background_background&quot;:&quot;classic&quot;}\">\n\t\t\t\t<div class=\"elementor-element elementor-element-00a06ec elementor-align-center elementor-widget elementor-widget-dtr-theme-heading\" data-id=\"00a06ec\" data-element_type=\"widget\" data-e-type=\"widget\" data-widget_type=\"dtr-theme-heading.default\">\n\t\t\t\t<div class=\"elementor-widget-container\">\n\t\t\t\t\t            <h4 class=\"dtr-heading dtr-heading__default dtr-text--color-three\">Ma vision<\/h4>\r\n    \t\t\t\t<\/div>\n\t\t\t\t<\/div>\n\t\t\t\t<div class=\"elementor-element elementor-element-b5c176c elementor-widget__width-initial reveal-lines elementor-widget elementor-widget-text-editor\" data-id=\"b5c176c\" data-element_type=\"widget\" data-e-type=\"widget\" data-widget_type=\"text-editor.default\">\n\t\t\t\t<div class=\"elementor-widget-container\">\n\t\t\t\t\t\t\t\t\t<p data-source-line=\"120-121\">Je ne con\u00e7ois pas un site comme un simple assemblage de pages.<br \/>Pour moi, un bon projet digital doit avant tout \u00eatre utile, lisible et coh\u00e9rent.<\/p><p>Il doit <strong>aider \u00e0 mieux pr\u00e9senter une activit\u00e9, mieux guider les utilisateurs et mieux soutenir les objectifs du projet<\/strong>.<\/p><p data-source-line=\"123-123\">C\u2019est cette vision qui guide ma mani\u00e8re de travailler : <br \/><strong>allier r\u00e9flexion, clart\u00e9, exigence technique et sens du d\u00e9tail.<\/strong><\/p>\t\t\t\t\t\t\t\t<\/div>\n\t\t\t\t<\/div>\n\t\t\t\t<\/div>\n\t\t<div class=\"elementor-element elementor-element-eca7471 e-con-full e-flex e-con e-parent\" data-id=\"eca7471\" data-element_type=\"container\" data-e-type=\"container\">\n\t\t<div class=\"elementor-element elementor-element-1f08d4c e-con-full e-flex e-con e-child\" data-id=\"1f08d4c\" data-element_type=\"container\" data-e-type=\"container\">\n\t\t\t\t<div class=\"elementor-element elementor-element-9b80ee6 elementor-align-left elementor-widget elementor-widget-dtr-theme-heading\" data-id=\"9b80ee6\" data-element_type=\"widget\" data-e-type=\"widget\" data-widget_type=\"dtr-theme-heading.default\">\n\t\t\t\t<div class=\"elementor-widget-container\">\n\t\t\t\t\t            <h4 class=\"dtr-heading dtr-heading__default dtr-text--color-three\">Ce que j\u2019apporte<\/h4>\r\n    \t\t\t\t<\/div>\n\t\t\t\t<\/div>\n\t\t\t\t<div class=\"elementor-element elementor-element-3bedf48 elementor-widget__width-initial reveal-lines elementor-widget elementor-widget-text-editor\" data-id=\"3bedf48\" data-element_type=\"widget\" data-e-type=\"widget\" data-widget_type=\"text-editor.default\">\n\t\t\t\t<div class=\"elementor-widget-container\">\n\t\t\t\t\t\t\t\t\t<p>Au-del\u00e0 du d\u00e9veloppement, j\u2019interviens aussi sur <strong>la structure, l\u2019exp\u00e9rience utilisateur, la lisibilit\u00e9 du contenu et les choix techniques qui permettront au projet d\u2019\u00e9voluer sereinement dans le temps<\/strong>.<\/p><p>Mes clients viennent chercher :<\/p><ul><li><strong>une solution claire et adapt\u00e9e \u00e0 leur besoin,<\/strong><\/li><li><strong>un design utile, pas seulement d\u00e9coratif,<\/strong><\/li><li><strong>un d\u00e9veloppement propre et structur\u00e9,<\/strong><\/li><li><strong>un accompagnement simple et humain,<\/strong><\/li><li><strong>une vraie attention \u00e0 la coh\u00e9rence globale du projet.<\/strong><\/li><\/ul>\t\t\t\t\t\t\t\t<\/div>\n\t\t\t\t<\/div>\n\t\t\t\t<\/div>\n\t\t<div class=\"elementor-element elementor-element-a8c01eb e-con-full e-flex e-con e-child\" data-id=\"a8c01eb\" data-element_type=\"container\" data-e-type=\"container\">\n\t\t\t\t<div class=\"elementor-element elementor-element-f13b95e elementor-widget elementor-widget-image\" data-id=\"f13b95e\" data-element_type=\"widget\" data-e-type=\"widget\" data-widget_type=\"image.default\">\n\t\t\t\t<div class=\"elementor-widget-container\">\n\t\t\t\t\t\t\t\t\t\t\t\t\t\t\t<img decoding=\"async\" width=\"512\" height=\"512\" src=\"https:\/\/afannoudigitalconsulting.com\/wp-content\/uploads\/2025\/03\/web-app-manifest-512x512-1.png\" class=\"attachment-large size-large wp-image-2355\" alt=\"\" srcset=\"https:\/\/afannoudigitalconsulting.com\/wp-content\/uploads\/2025\/03\/web-app-manifest-512x512-1.png 512w, https:\/\/afannoudigitalconsulting.com\/wp-content\/uploads\/2025\/03\/web-app-manifest-512x512-1-300x300.png 300w, https:\/\/afannoudigitalconsulting.com\/wp-content\/uploads\/2025\/03\/web-app-manifest-512x512-1-150x150.png 150w\" sizes=\"(max-width: 512px) 100vw, 512px\" \/>\t\t\t\t\t\t\t\t\t\t\t\t\t\t\t<\/div>\n\t\t\t\t<\/div>\n\t\t\t\t<\/div>\n\t\t\t\t<\/div>\n\t\t<div class=\"elementor-element elementor-element-4220942 e-con-full e-flex e-con e-parent\" data-id=\"4220942\" data-element_type=\"container\" data-e-type=\"container\" data-settings=\"{&quot;background_background&quot;:&quot;classic&quot;}\">\n\t\t<div class=\"elementor-element elementor-element-906569c e-con-full e-flex e-con e-child\" data-id=\"906569c\" data-element_type=\"container\" data-e-type=\"container\">\n\t\t\t\t<div class=\"elementor-element elementor-element-4a751a5 elementor-align-left elementor-widget elementor-widget-dtr-theme-heading\" data-id=\"4a751a5\" data-element_type=\"widget\" data-e-type=\"widget\" data-widget_type=\"dtr-theme-heading.default\">\n\t\t\t\t<div class=\"elementor-widget-container\">\n\t\t\t\t\t            <h4 class=\"dtr-heading dtr-heading__default dtr-text--color-three\">Mon approche<\/h4>\r\n    \t\t\t\t<\/div>\n\t\t\t\t<\/div>\n\t\t\t\t<div class=\"elementor-element elementor-element-5ecc98b elementor-widget__width-initial reveal-lines elementor-widget elementor-widget-text-editor\" data-id=\"5ecc98b\" data-element_type=\"widget\" data-e-type=\"widget\" data-widget_type=\"text-editor.default\">\n\t\t\t\t<div class=\"elementor-widget-container\">\n\t\t\t\t\t\t\t\t\t<p data-source-line=\"136-137\">Chaque projet a son contexte, ses contraintes et ses priorit\u00e9s.<br \/><br \/>C\u2019est pourquoi je privil\u00e9gie toujours une m\u00e9thode simple : <strong>\u00e9couter, cadrer, structurer, concevoir, d\u00e9velopper puis accompagner si n\u00e9cessaire<\/strong>.<br \/><br \/><\/p><p data-source-line=\"139-139\">Je cherche \u00e0 rendre les d\u00e9cisions compr\u00e9hensibles, le processus fluide et le r\u00e9sultat r\u00e9ellement utile.<\/p>\t\t\t\t\t\t\t\t<\/div>\n\t\t\t\t<\/div>\n\t\t\t\t<\/div>\n\t\t<div class=\"elementor-element elementor-element-757d4ac e-con-full e-flex e-con e-child\" data-id=\"757d4ac\" data-element_type=\"container\" data-e-type=\"container\">\n\t\t\t\t<div class=\"elementor-element elementor-element-fea591c elementor-widget elementor-widget-image\" data-id=\"fea591c\" data-element_type=\"widget\" data-e-type=\"widget\" data-widget_type=\"image.default\">\n\t\t\t\t<div class=\"elementor-widget-container\">\n\t\t\t\t\t\t\t\t\t\t\t\t\t\t\t<img loading=\"lazy\" decoding=\"async\" width=\"1024\" height=\"572\" src=\"https:\/\/afannoudigitalconsulting.com\/wp-content\/uploads\/2026\/03\/mockup-afn-1024x572.png\" class=\"attachment-large size-large wp-image-3433\" alt=\"\" srcset=\"https:\/\/afannoudigitalconsulting.com\/wp-content\/uploads\/2026\/03\/mockup-afn-1024x572.png 1024w, https:\/\/afannoudigitalconsulting.com\/wp-content\/uploads\/2026\/03\/mockup-afn-300x167.png 300w, https:\/\/afannoudigitalconsulting.com\/wp-content\/uploads\/2026\/03\/mockup-afn-768x429.png 768w, https:\/\/afannoudigitalconsulting.com\/wp-content\/uploads\/2026\/03\/mockup-afn-1536x857.png 1536w, https:\/\/afannoudigitalconsulting.com\/wp-content\/uploads\/2026\/03\/mockup-afn-2048x1143.png 2048w, https:\/\/afannoudigitalconsulting.com\/wp-content\/uploads\/2026\/03\/mockup-afn-18x10.png 18w\" sizes=\"(max-width: 1024px) 100vw, 1024px\" \/>\t\t\t\t\t\t\t\t\t\t\t\t\t\t\t<\/div>\n\t\t\t\t<\/div>\n\t\t\t\t<\/div>\n\t\t\t\t<\/div>\n\t\t<div class=\"elementor-element elementor-element-118b2e9 e-con-full e-flex e-con e-parent\" data-id=\"118b2e9\" data-element_type=\"container\" data-e-type=\"container\">\n\t\t<div class=\"elementor-element elementor-element-1fc64cc e-con-full e-flex e-con e-child\" data-id=\"1fc64cc\" data-element_type=\"container\" data-e-type=\"container\">\n\t\t\t\t<div class=\"elementor-element elementor-element-5f9e48a elementor-align-center elementor-widget elementor-widget-dtr-theme-heading\" data-id=\"5f9e48a\" data-element_type=\"widget\" data-e-type=\"widget\" data-widget_type=\"dtr-theme-heading.default\">\n\t\t\t\t<div class=\"elementor-widget-container\">\n\t\t\t\t\t            <h4 class=\"dtr-heading dtr-heading__default dtr-text--color-three\">Ce que j\u2019apporte<\/h4>\r\n    \t\t\t\t<\/div>\n\t\t\t\t<\/div>\n\t\t\t\t<div class=\"elementor-element elementor-element-15b6b4a elementor-widget__width-initial reveal-lines elementor-widget elementor-widget-text-editor\" data-id=\"15b6b4a\" data-element_type=\"widget\" data-e-type=\"widget\" data-widget_type=\"text-editor.default\">\n\t\t\t\t<div class=\"elementor-widget-container\">\n\t\t\t\t\t\t\t\t\t<p>Bas\u00e9 \u00e0 <strong>Toulouse<\/strong>, j\u2019interviens sur des projets en <strong>France au B\u00e9nin et en C\u00f4te d&#8217;ivoire<\/strong>, avec la m\u00eame exigence de clart\u00e9, de qualit\u00e9 et de coh\u00e9rence. Cette lecture de contextes diff\u00e9rents nourrit ma fa\u00e7on d\u2019aborder les projets, avec pragmatisme, adaptation et attention au r\u00e9el.<\/p><p>J\u2019ai eu l\u2019opportunit\u00e9 d\u2019accompagner plusieurs entreprises et organisations sur des enjeux de cr\u00e9ation, refonte, structuration et am\u00e9lioration de leur pr\u00e9sence digitale, notamment <strong>RosyneClub, Hygie31, LAF Sant\u00e9, Andros Foodservice, Les P\u00e2tissiers de Touraine et l\u2019Ecole de Journalisme de Toulouse.<\/strong><\/p>\t\t\t\t\t\t\t\t<\/div>\n\t\t\t\t<\/div>\n\t\t\t\t<div class=\"elementor-element elementor-element-f9f2dae elementor-widget__width-auto elementor-align-center elementor-widget elementor-widget-button\" data-id=\"f9f2dae\" data-element_type=\"widget\" data-e-type=\"widget\" data-widget_type=\"button.default\">\n\t\t\t\t<div class=\"elementor-widget-container\">\n\t\t\t\t\t\t\t\t\t<div class=\"elementor-button-wrapper\">\n\t\t\t\t\t<a class=\"elementor-button elementor-button-link elementor-size-sm elementor-animation-grow\" href=\"#elementor-action%3Aaction%3Dpopup%3Aopen%26settings%3DeyJpZCI6IjM0NDQiLCJ0b2dnbGUiOmZhbHNlfQ%3D%3D\">\n\t\t\t\t\t\t<span class=\"elementor-button-content-wrapper\">\n\t\t\t\t\t\t\t\t\t<span class=\"elementor-button-text\">R\u00e9server un \u00e9change<\/span>\n\t\t\t\t\t<\/span>\n\t\t\t\t\t<\/a>\n\t\t\t\t<\/div>\n\t\t\t\t\t\t\t\t<\/div>\n\t\t\t\t<\/div>\n\t\t\t\t<\/div>\n\t\t\t\t<\/div>\n\t\t\t\t<\/div>","protected":false},"excerpt":{"rendered":"<p>Hi Je con\u00e7ois des solutions digitales claires, solides et pens\u00e9es pour durer Je suis Kevine Afannou, d\u00e9veloppeur web et consultant digital.J\u2019accompagne les ind\u00e9pendants, entreprises et organisations dans la cr\u00e9ation, la refonte et l\u2019am\u00e9lioration de leurs sites et solutions digitales. Mon approche repose sur un \u00e9quilibre simple : comprendre le besoin, structurer le projet intelligemment, concevoir [&hellip;]<\/p>\n","protected":false},"author":1,"featured_media":0,"parent":0,"menu_order":0,"comment_status":"closed","ping_status":"closed","template":"elementor_header_footer","meta":{"footnotes":""},"class_list":["post-2787","page","type-page","status-publish","hentry"],"yoast_head":"<!-- This site is optimized with the Yoast SEO plugin v27.2 - https:\/\/yoast.com\/product\/yoast-seo-wordpress\/ -->\n<title>A propos - afannou digital consulting<\/title>\n<meta name=\"robots\" content=\"index, follow, max-snippet:-1, max-image-preview:large, max-video-preview:-1\" \/>\n<link rel=\"canonical\" href=\"https:\/\/afannoudigitalconsulting.com\/en\/a-propos\/\" \/>\n<meta property=\"og:locale\" content=\"en_GB\" \/>\n<meta property=\"og:type\" content=\"article\" \/>\n<meta property=\"og:title\" content=\"A propos - afannou digital consulting\" \/>\n<meta property=\"og:description\" content=\"Hi Je con\u00e7ois des solutions digitales claires, solides et pens\u00e9es pour durer Je suis Kevine Afannou, d\u00e9veloppeur web et consultant digital.J\u2019accompagne les ind\u00e9pendants, entreprises et organisations dans la cr\u00e9ation, la refonte et l\u2019am\u00e9lioration de leurs sites et solutions digitales. Mon approche repose sur un \u00e9quilibre simple : comprendre le besoin, structurer le projet intelligemment, concevoir [&hellip;]\" \/>\n<meta property=\"og:url\" content=\"https:\/\/afannoudigitalconsulting.com\/en\/a-propos\/\" \/>\n<meta property=\"og:site_name\" content=\"afannou digital consulting\" \/>\n<meta property=\"article:modified_time\" content=\"2026-03-31T07:39:22+00:00\" \/>\n<meta property=\"og:image\" content=\"https:\/\/afannoudigitalconsulting.com\/wp-content\/uploads\/2026\/03\/profil-1024x1024.jpg\" \/>\n\t<meta property=\"og:image:width\" content=\"1024\" \/>\n\t<meta property=\"og:image:height\" content=\"1024\" \/>\n\t<meta property=\"og:image:type\" content=\"image\/jpeg\" \/>\n<meta name=\"twitter:card\" content=\"summary_large_image\" \/>\n<meta name=\"twitter:label1\" content=\"Estimated reading time\" \/>\n\t<meta name=\"twitter:data1\" content=\"3 minutes\" \/>\n<script type=\"application\/ld+json\" class=\"yoast-schema-graph\">{\"@context\":\"https:\/\/schema.org\",\"@graph\":[{\"@type\":\"WebPage\",\"@id\":\"https:\/\/afannoudigitalconsulting.com\/a-propos\/\",\"url\":\"https:\/\/afannoudigitalconsulting.com\/a-propos\/\",\"name\":\"A propos - afannou digital consulting\",\"isPartOf\":{\"@id\":\"https:\/\/afannoudigitalconsulting.com\/#website\"},\"primaryImageOfPage\":{\"@id\":\"https:\/\/afannoudigitalconsulting.com\/a-propos\/#primaryimage\"},\"image\":{\"@id\":\"https:\/\/afannoudigitalconsulting.com\/a-propos\/#primaryimage\"},\"thumbnailUrl\":\"https:\/\/afannoudigitalconsulting.com\/wp-content\/uploads\/2026\/03\/profil.jpg\",\"datePublished\":\"2025-11-20T16:21:24+00:00\",\"dateModified\":\"2026-03-31T07:39:22+00:00\",\"breadcrumb\":{\"@id\":\"https:\/\/afannoudigitalconsulting.com\/a-propos\/#breadcrumb\"},\"inLanguage\":\"en-GB\",\"potentialAction\":[{\"@type\":\"ReadAction\",\"target\":[\"https:\/\/afannoudigitalconsulting.com\/a-propos\/\"]}]},{\"@type\":\"ImageObject\",\"inLanguage\":\"en-GB\",\"@id\":\"https:\/\/afannoudigitalconsulting.com\/a-propos\/#primaryimage\",\"url\":\"https:\/\/afannoudigitalconsulting.com\/wp-content\/uploads\/2026\/03\/profil.jpg\",\"contentUrl\":\"https:\/\/afannoudigitalconsulting.com\/wp-content\/uploads\/2026\/03\/profil.jpg\"},{\"@type\":\"BreadcrumbList\",\"@id\":\"https:\/\/afannoudigitalconsulting.com\/a-propos\/#breadcrumb\",\"itemListElement\":[{\"@type\":\"ListItem\",\"position\":1,\"name\":\"Accueil\",\"item\":\"https:\/\/afannoudigitalconsulting.com\/\"},{\"@type\":\"ListItem\",\"position\":2,\"name\":\"A propos\"}]},{\"@type\":\"WebSite\",\"@id\":\"https:\/\/afannoudigitalconsulting.com\/#website\",\"url\":\"https:\/\/afannoudigitalconsulting.com\/\",\"name\":\"afannou digital consulting\",\"description\":\"D\u00e9veloppons votre site web &amp; gagnez en autonomie\",\"publisher\":{\"@id\":\"https:\/\/afannoudigitalconsulting.com\/#organization\"},\"potentialAction\":[{\"@type\":\"SearchAction\",\"target\":{\"@type\":\"EntryPoint\",\"urlTemplate\":\"https:\/\/afannoudigitalconsulting.com\/?s={search_term_string}\"},\"query-input\":{\"@type\":\"PropertyValueSpecification\",\"valueRequired\":true,\"valueName\":\"search_term_string\"}}],\"inLanguage\":\"en-GB\"},{\"@type\":\"Organization\",\"@id\":\"https:\/\/afannoudigitalconsulting.com\/#organization\",\"name\":\"afannou digital consulting\",\"url\":\"https:\/\/afannoudigitalconsulting.com\/\",\"logo\":{\"@type\":\"ImageObject\",\"inLanguage\":\"en-GB\",\"@id\":\"https:\/\/afannoudigitalconsulting.com\/#\/schema\/logo\/image\/\",\"url\":\"https:\/\/afannoudigitalconsulting.com\/wp-content\/uploads\/2025\/03\/Logo-blanc-sans-fond-1.png\",\"contentUrl\":\"https:\/\/afannoudigitalconsulting.com\/wp-content\/uploads\/2025\/03\/Logo-blanc-sans-fond-1.png\",\"width\":3205,\"height\":511,\"caption\":\"afannou digital consulting\"},\"image\":{\"@id\":\"https:\/\/afannoudigitalconsulting.com\/#\/schema\/logo\/image\/\"}}]}<\/script>\n<!-- \/ Yoast SEO plugin. -->","yoast_head_json":{"title":"A propos - afannou digital consulting","robots":{"index":"index","follow":"follow","max-snippet":"max-snippet:-1","max-image-preview":"max-image-preview:large","max-video-preview":"max-video-preview:-1"},"canonical":"https:\/\/afannoudigitalconsulting.com\/en\/a-propos\/","og_locale":"en_GB","og_type":"article","og_title":"A propos - afannou digital consulting","og_description":"Hi Je con\u00e7ois des solutions digitales claires, solides et pens\u00e9es pour durer Je suis Kevine Afannou, d\u00e9veloppeur web et consultant digital.J\u2019accompagne les ind\u00e9pendants, entreprises et organisations dans la cr\u00e9ation, la refonte et l\u2019am\u00e9lioration de leurs sites et solutions digitales. Mon approche repose sur un \u00e9quilibre simple : comprendre le besoin, structurer le projet intelligemment, concevoir [&hellip;]","og_url":"https:\/\/afannoudigitalconsulting.com\/en\/a-propos\/","og_site_name":"afannou digital consulting","article_modified_time":"2026-03-31T07:39:22+00:00","og_image":[{"width":1024,"height":1024,"url":"https:\/\/afannoudigitalconsulting.com\/wp-content\/uploads\/2026\/03\/profil-1024x1024.jpg","type":"image\/jpeg"}],"twitter_card":"summary_large_image","twitter_misc":{"Estimated reading time":"3 minutes"},"schema":{"@context":"https:\/\/schema.org","@graph":[{"@type":"WebPage","@id":"https:\/\/afannoudigitalconsulting.com\/a-propos\/","url":"https:\/\/afannoudigitalconsulting.com\/a-propos\/","name":"A propos - afannou digital consulting","isPartOf":{"@id":"https:\/\/afannoudigitalconsulting.com\/#website"},"primaryImageOfPage":{"@id":"https:\/\/afannoudigitalconsulting.com\/a-propos\/#primaryimage"},"image":{"@id":"https:\/\/afannoudigitalconsulting.com\/a-propos\/#primaryimage"},"thumbnailUrl":"https:\/\/afannoudigitalconsulting.com\/wp-content\/uploads\/2026\/03\/profil.jpg","datePublished":"2025-11-20T16:21:24+00:00","dateModified":"2026-03-31T07:39:22+00:00","breadcrumb":{"@id":"https:\/\/afannoudigitalconsulting.com\/a-propos\/#breadcrumb"},"inLanguage":"en-GB","potentialAction":[{"@type":"ReadAction","target":["https:\/\/afannoudigitalconsulting.com\/a-propos\/"]}]},{"@type":"ImageObject","inLanguage":"en-GB","@id":"https:\/\/afannoudigitalconsulting.com\/a-propos\/#primaryimage","url":"https:\/\/afannoudigitalconsulting.com\/wp-content\/uploads\/2026\/03\/profil.jpg","contentUrl":"https:\/\/afannoudigitalconsulting.com\/wp-content\/uploads\/2026\/03\/profil.jpg"},{"@type":"BreadcrumbList","@id":"https:\/\/afannoudigitalconsulting.com\/a-propos\/#breadcrumb","itemListElement":[{"@type":"ListItem","position":1,"name":"Accueil","item":"https:\/\/afannoudigitalconsulting.com\/"},{"@type":"ListItem","position":2,"name":"A propos"}]},{"@type":"WebSite","@id":"https:\/\/afannoudigitalconsulting.com\/#website","url":"https:\/\/afannoudigitalconsulting.com\/","name":"afannou digital consulting","description":"D\u00e9veloppons votre site web &amp; gagnez en autonomie","publisher":{"@id":"https:\/\/afannoudigitalconsulting.com\/#organization"},"potentialAction":[{"@type":"SearchAction","target":{"@type":"EntryPoint","urlTemplate":"https:\/\/afannoudigitalconsulting.com\/?s={search_term_string}"},"query-input":{"@type":"PropertyValueSpecification","valueRequired":true,"valueName":"search_term_string"}}],"inLanguage":"en-GB"},{"@type":"Organization","@id":"https:\/\/afannoudigitalconsulting.com\/#organization","name":"afannou digital consulting","url":"https:\/\/afannoudigitalconsulting.com\/","logo":{"@type":"ImageObject","inLanguage":"en-GB","@id":"https:\/\/afannoudigitalconsulting.com\/#\/schema\/logo\/image\/","url":"https:\/\/afannoudigitalconsulting.com\/wp-content\/uploads\/2025\/03\/Logo-blanc-sans-fond-1.png","contentUrl":"https:\/\/afannoudigitalconsulting.com\/wp-content\/uploads\/2025\/03\/Logo-blanc-sans-fond-1.png","width":3205,"height":511,"caption":"afannou digital consulting"},"image":{"@id":"https:\/\/afannoudigitalconsulting.com\/#\/schema\/logo\/image\/"}}]}},"_links":{"self":[{"href":"https:\/\/afannoudigitalconsulting.com\/en\/wp-json\/wp\/v2\/pages\/2787","targetHints":{"allow":["GET"]}}],"collection":[{"href":"https:\/\/afannoudigitalconsulting.com\/en\/wp-json\/wp\/v2\/pages"}],"about":[{"href":"https:\/\/afannoudigitalconsulting.com\/en\/wp-json\/wp\/v2\/types\/page"}],"author":[{"embeddable":true,"href":"https:\/\/afannoudigitalconsulting.com\/en\/wp-json\/wp\/v2\/users\/1"}],"replies":[{"embeddable":true,"href":"https:\/\/afannoudigitalconsulting.com\/en\/wp-json\/wp\/v2\/comments?post=2787"}],"version-history":[{"count":46,"href":"https:\/\/afannoudigitalconsulting.com\/en\/wp-json\/wp\/v2\/pages\/2787\/revisions"}],"predecessor-version":[{"id":3470,"href":"https:\/\/afannoudigitalconsulting.com\/en\/wp-json\/wp\/v2\/pages\/2787\/revisions\/3470"}],"wp:attachment":[{"href":"https:\/\/afannoudigitalconsulting.com\/en\/wp-json\/wp\/v2\/media?parent=2787"}],"curies":[{"name":"wp","href":"https:\/\/api.w.org\/{rel}","templated":true}]}}